{"id":160,"date":"2025-12-19T04:42:46","date_gmt":"2025-12-19T04:42:46","guid":{"rendered":"https:\/\/gj.derechomexico.com\/?page_id=160"},"modified":"2025-12-19T04:44:21","modified_gmt":"2025-12-19T04:44:21","slug":"asesoria-fiscal-contable","status":"publish","type":"page","link":"https:\/\/gj.derechomexico.com\/index.php\/asesoria-fiscal-contable\/","title":{"rendered":"ASESORIA FISCAL CONTABLE"},"content":{"rendered":"<p>[et_pb_section fb_built=\u00bb1&#8243; _builder_version=\u00bb4.27.5&#8243; _module_preset=\u00bbdefault\u00bb global_colors_info=\u00bb{}\u00bb theme_builder_area=\u00bbpost_content\u00bb][et_pb_row _builder_version=\u00bb4.27.5&#8243; _module_preset=\u00bbdefault\u00bb global_colors_info=\u00bb{}\u00bb theme_builder_area=\u00bbpost_content\u00bb][et_pb_column type=\u00bb4_4&#8243; _builder_version=\u00bb4.27.5&#8243; _module_preset=\u00bbdefault\u00bb global_colors_info=\u00bb{}\u00bb theme_builder_area=\u00bbpost_content\u00bb][et_pb_heading title=\u00bbServicios en materia de Asesor\u00eda Fiscal Contable\u00bb _builder_version=\u00bb4.27.5&#8243; _module_preset=\u00bbdefault\u00bb global_colors_info=\u00bb{}\u00bb theme_builder_area=\u00bbpost_content\u00bb][\/et_pb_heading][\/et_pb_column][\/et_pb_row][et_pb_row column_structure=\u00bb1_2,1_2&#8243; _builder_version=\u00bb4.27.5&#8243; _module_preset=\u00bbdefault\u00bb global_colors_info=\u00bb{}\u00bb theme_builder_area=\u00bbpost_content\u00bb][et_pb_column type=\u00bb1_2&#8243; _builder_version=\u00bb4.27.5&#8243; _module_preset=\u00bbdefault\u00bb global_colors_info=\u00bb{}\u00bb theme_builder_area=\u00bbpost_content\u00bb][et_pb_text _builder_version=\u00bb4.27.5&#8243; _module_preset=\u00bbdefault\u00bb global_colors_info=\u00bb{}\u00bb theme_builder_area=\u00bbpost_content\u00bb]<\/p>\n<p><span>Somos especialistas en Asesor\u00eda Fiscal y Asesor\u00eda Contable, el conocimiento de las modificaciones a las leyes fiscales y una adecuada asesor\u00eda contribuir\u00e1n a un mejor aprovechamiento de los beneficios fiscales que otorgan las leyes, y a un adecuado cumplimiento de cada una de las obligaciones de nuestros clientes.<\/span><\/p>\n<p><span>Ante los constantes cambios y precisiones a las leyes fiscales, es necesario contar con Asesor\u00eda Fiscal y Asesor\u00eda Contable conveniente a fin de mantenerse informado sobre las modificaciones que se van presentando permitiendo a las organizaciones bajo circunstancias especificas implementar, mantener y\/o mejorar su situaci\u00f3n tributar\u00eda a trav\u00e9s de su debida interpretaci\u00f3n y cumplimiento oportuno.<\/span><\/p>\n<p><span>Nuestra Asesor\u00eda Fiscal y Asesor\u00eda Contable comprende:<\/span><\/p>\n<p>[\/et_pb_text][\/et_pb_column][et_pb_column type=\u00bb1_2&#8243; _builder_version=\u00bb4.27.5&#8243; _module_preset=\u00bbdefault\u00bb global_colors_info=\u00bb{}\u00bb theme_builder_area=\u00bbpost_content\u00bb][et_pb_text _builder_version=\u00bb4.27.5&#8243; _module_preset=\u00bbdefault\u00bb global_colors_info=\u00bb{}\u00bb theme_builder_area=\u00bbpost_content\u00bb]<\/p>\n<ul>\n<li><span>Diagnostico, an\u00e1lisis y correcci\u00f3n a su situaci\u00f3n fiscal, en caso que no lleve en orden sus registros contables, los actualizaremos para estar en completo orden y as\u00ed tener la satisfacci\u00f3n de haber cumplido con todas las disposiciones fiscales, para evitar gastos innecesarios como es el pago de multas excesivas o alg\u00fan procedimiento administrativo.<\/span><\/li>\n<li><span>Revisi\u00f3n, y clasificaci\u00f3n de documentos, revisi\u00f3n general de la informaci\u00f3n contable para el registro en el sistema contable.<\/span><\/li>\n<li><span>Codificaci\u00f3n seg\u00fan catalogo de cuentas seg\u00fan caracter\u00edsticas particulares de cada compa\u00f1\u00eda.<\/span><\/li>\n<li><span>Revisi\u00f3n de su sistema contable, incluyendo si es necesario un an\u00e1lisis sobre su control presupuestal.<\/span><\/li>\n<li><span>An\u00e1lisis, elaboraci\u00f3n y emisi\u00f3n de estados financieros mensuales.<\/span><\/li>\n<li><span>Asesor\u00eda Contable y Asesor\u00eda Fiscal que garantice el correcto cumplimiento de las Normas de Informaci\u00f3n Financiera. (NIF)<\/span><\/li>\n<li><span>C\u00e1lculo de impuestos federales, IVA, ISR &amp; IETU dentro de los plazos se\u00f1alados por la legislaci\u00f3n fiscal y entrega su informe al \u00e1rea de tesorer\u00eda de la empresa para que realice los pagos oportunamente.<\/span><\/li>\n<li><span>C\u00e1lculo de impuestos locales, impuesto sobre n\u00f3minas, contribuciones municipales, entre otros, dentro de los plazos se\u00f1alados por la ley y con la suficiente anticipaci\u00f3n para que el \u00e1rea de tesorer\u00eda de la empresa realice los pagos oportunamente.<\/span><\/li>\n<li><span>Declaraciones informativas mensuales, DIOT, LIETU, entre otras.<\/span><\/li>\n<li><span>Asesor\u00eda Contable y Asesor\u00eda Fiscal integral e ilimitada<\/span><\/li>\n<li><span>Capacitaci\u00f3n fiscal y contable de conformidad con los requerimientos del cliente, nuestro programa de capacitaci\u00f3n es dise\u00f1ado a la medida de su empresa.<\/span><\/li>\n<li><span>Establecimiento de controles internos &amp; administrativos para su organizaci\u00f3n.<\/span><\/li>\n<li><span>Administraci\u00f3n de recursos financieros, conciliaciones bancarias, control de cuenta corriente con partes relacionadas en M\u00e9xico y en el extranjero.<\/span><\/li>\n<li><span>Devoluci\u00f3n &amp; compensaci\u00f3n de impuestos federales (IVA, ISR, IDE).<\/span><\/li>\n<li><span>Atenci\u00f3n de requerimientos del SAT y soluciones integrales sobre optimizaci\u00f3n fiscal.<\/span><\/li>\n<li><span>Apoyo en visitas domiciliarias y representaci\u00f3n legal ante las diversas autoridades federales &amp; estatales<\/span><\/li>\n<li><span>Impugnaci\u00f3n de multas<\/span><\/li>\n<li><span>Elaboraci\u00f3n y presentaci\u00f3n de declaraci\u00f3n anual e informativas<\/span><\/li>\n<li><span>An\u00e1lisis e interpretaci\u00f3n de su informaci\u00f3n financiera para la correcta elaboraci\u00f3n del plan de negocios<\/span><\/li>\n<\/ul>\n<p>[\/et_pb_text][\/et_pb_column][\/et_pb_row][et_pb_row column_structure=\u00bb1_2,1_2&#8243; _builder_version=\u00bb4.27.5&#8243; _module_preset=\u00bbdefault\u00bb global_colors_info=\u00bb{}\u00bb theme_builder_area=\u00bbpost_content\u00bb][et_pb_column type=\u00bb1_2&#8243; _builder_version=\u00bb4.27.5&#8243; _module_preset=\u00bbdefault\u00bb global_colors_info=\u00bb{}\u00bb theme_builder_area=\u00bbpost_content\u00bb][et_pb_text _builder_version=\u00bb4.27.5&#8243; _module_preset=\u00bbdefault\u00bb global_colors_info=\u00bb{}\u00bb theme_builder_area=\u00bbpost_content\u00bb]<\/p>\n<p><strong><span lang=\"ES\">1. Elaboraci\u00f3n de: <\/span><\/strong><span lang=\"ES\"><o:p><\/o:p><\/span><\/p>\n<p><span lang=\"ES\">Contratos Individuales y\/o Colectivos de Trabajo <br \/>Contratos por Tiempo u Obra Determinada <br \/>Convenios, Finiquitos, Recibos de Pago, N\u00f3minas, Lista de Asistencia, Renuncias y Liquidaciones de Trabajadores<br \/>Auditoria Laboral<o:p><\/o:p><\/span><\/p>\n<p>[\/et_pb_text][\/et_pb_column][et_pb_column type=\u00bb1_2&#8243; _builder_version=\u00bb4.27.5&#8243; _module_preset=\u00bbdefault\u00bb global_colors_info=\u00bb{}\u00bb theme_builder_area=\u00bbpost_content\u00bb][et_pb_text _builder_version=\u00bb4.27.5&#8243; _module_preset=\u00bbdefault\u00bb global_colors_info=\u00bb{}\u00bb theme_builder_area=\u00bbpost_content\u00bb]<\/p>\n<p><span lang=\"ES\"><\/span><span lang=\"ES\"><strong>2. Representaci\u00f3n Legal<\/strong><o:p><\/o:p><\/span><\/p>\n<p><span lang=\"ES\">En Procesos ante las Autoridades Laborales. Procuradur\u00edas del Trabajo y Juntas de Conciliaci\u00f3n y Arbitraje, tanto Local y Federal <br \/>Asesoramiento y Preparaci\u00f3n de las diferentes Modalidades de Contrataci\u00f3n <br \/>Prevenci\u00f3n de Riesgos Laborales <br \/>R\u00e9gimen de Cotizaci\u00f3n <br \/>Inspecciones de Trabajo<o:p><\/o:p><\/span><\/p>\n<p>[\/et_pb_text][\/et_pb_column][\/et_pb_row][\/et_pb_section]<\/p>\n","protected":false},"excerpt":{"rendered":"<p>Somos especialistas en Asesor\u00eda Fiscal y Asesor\u00eda Contable, el conocimiento de las modificaciones a las leyes fiscales y una adecuada asesor\u00eda contribuir\u00e1n a un mejor aprovechamiento de los beneficios fiscales que otorgan las leyes, y a un adecuado cumplimiento de cada una de las obligaciones de nuestros clientes. Ante los constantes cambios y precisiones a [&hellip;]<\/p>\n","protected":false},"author":1,"featured_media":0,"parent":0,"menu_order":0,"comment_status":"closed","ping_status":"closed","template":"","meta":{"_et_pb_use_builder":"on","_et_pb_old_content":"","_et_gb_content_width":"","footnotes":""},"class_list":["post-160","page","type-page","status-publish","hentry"],"_links":{"self":[{"href":"https:\/\/gj.derechomexico.com\/index.php\/wp-json\/wp\/v2\/pages\/160","targetHints":{"allow":["GET"]}}],"collection":[{"href":"https:\/\/gj.derechomexico.com\/index.php\/wp-json\/wp\/v2\/pages"}],"about":[{"href":"https:\/\/gj.derechomexico.com\/index.php\/wp-json\/wp\/v2\/types\/page"}],"author":[{"embeddable":true,"href":"https:\/\/gj.derechomexico.com\/index.php\/wp-json\/wp\/v2\/users\/1"}],"replies":[{"embeddable":true,"href":"https:\/\/gj.derechomexico.com\/index.php\/wp-json\/wp\/v2\/comments?post=160"}],"version-history":[{"count":3,"href":"https:\/\/gj.derechomexico.com\/index.php\/wp-json\/wp\/v2\/pages\/160\/revisions"}],"predecessor-version":[{"id":164,"href":"https:\/\/gj.derechomexico.com\/index.php\/wp-json\/wp\/v2\/pages\/160\/revisions\/164"}],"wp:attachment":[{"href":"https:\/\/gj.derechomexico.com\/index.php\/wp-json\/wp\/v2\/media?parent=160"}],"curies":[{"name":"wp","href":"https:\/\/api.w.org\/{rel}","templated":true}]}}