{"id":151,"date":"2025-12-19T04:39:57","date_gmt":"2025-12-19T04:39:57","guid":{"rendered":"https:\/\/gj.derechomexico.com\/?page_id=151"},"modified":"2025-12-19T04:40:56","modified_gmt":"2025-12-19T04:40:56","slug":"derecho-mercantil","status":"publish","type":"page","link":"https:\/\/gj.derechomexico.com\/index.php\/derecho-mercantil\/","title":{"rendered":"DERECHO MERCANTIL"},"content":{"rendered":"<p>[et_pb_section fb_built=\u00bb1&#8243; _builder_version=\u00bb4.27.5&#8243; _module_preset=\u00bbdefault\u00bb global_colors_info=\u00bb{}\u00bb theme_builder_area=\u00bbpost_content\u00bb][et_pb_row _builder_version=\u00bb4.27.5&#8243; _module_preset=\u00bbdefault\u00bb global_colors_info=\u00bb{}\u00bb theme_builder_area=\u00bbpost_content\u00bb][et_pb_column type=\u00bb4_4&#8243; _builder_version=\u00bb4.27.5&#8243; _module_preset=\u00bbdefault\u00bb global_colors_info=\u00bb{}\u00bb theme_builder_area=\u00bbpost_content\u00bb][et_pb_heading title=\u00bbServicios en materia de Derecho Mercantil\u00bb _builder_version=\u00bb4.27.5&#8243; _module_preset=\u00bbdefault\u00bb global_colors_info=\u00bb{}\u00bb theme_builder_area=\u00bbpost_content\u00bb][\/et_pb_heading][\/et_pb_column][\/et_pb_row][et_pb_row column_structure=\u00bb1_2,1_2&#8243; _builder_version=\u00bb4.27.5&#8243; _module_preset=\u00bbdefault\u00bb global_colors_info=\u00bb{}\u00bb theme_builder_area=\u00bbpost_content\u00bb][et_pb_column type=\u00bb1_2&#8243; _builder_version=\u00bb4.27.5&#8243; _module_preset=\u00bbdefault\u00bb global_colors_info=\u00bb{}\u00bb theme_builder_area=\u00bbpost_content\u00bb][et_pb_text _builder_version=\u00bb4.27.5&#8243; _module_preset=\u00bbdefault\u00bb global_colors_info=\u00bb{}\u00bb theme_builder_area=\u00bbpost_content\u00bb]<\/p>\n<p><span>Estamos convencidos de que en esta materia la prevenci\u00f3n juega el papel m\u00e1s importante para los empresarios. Siempre ser\u00e1 mejor para nuestros clientes que buscan hacer negocios, concretar acuerdos que se plasmen en contratos claros, precisos y con v\u00edas de soluci\u00f3n de conflictos en forma tal que lejos de propiciar rescisiones o terminaci\u00f3n de relaciones con clientes y proveedores se logre mantenerlas con los ajustes que la propia din\u00e1mica de los negocios exija.<\/span><\/p>\n<p><span>En materia de contrataci\u00f3n nuestros servicios se orientan por la divisa de que el equilibrio es la mejor garant\u00eda de una relaci\u00f3n comercial duradera y de que la rescisi\u00f3n es la salida \u00faltima reservada s\u00f3lo para incumplimientos graves. Los imponderables que siempre est\u00e1n presentes en cualquier relaci\u00f3n comercial procuramos contemplarlos en los contratos y dejar establecidos ajustes o penas convencionales adecuadas que propicien la permanencia de la relaci\u00f3n de negocios.<\/span><\/p>\n<p><span>No desconocemos que pueden suscitarse conflictos que desemboquen en litigios y en esos casos nuestra preocupaci\u00f3n es la soluci\u00f3n en el menor tiempo posible.<\/span><\/p>\n<p><span>Para su tranquilidad le ofrecemos la gesti\u00f3n y organizaci\u00f3n de todos los requisitos legales que demanda la operaci\u00f3n de sociedades, ya sean de origen mercantil, fiscal o laboral, para que usted haga funcionar su negocio, acerca de la estructura societaria que m\u00e1s le conviene a su negocio, asimismo le gestionaremos el mantenimiento de su sociedad y sus posibles modificaciones.<\/span><\/p>\n<p>[\/et_pb_text][\/et_pb_column][et_pb_column type=\u00bb1_2&#8243; _builder_version=\u00bb4.27.5&#8243; _module_preset=\u00bbdefault\u00bb global_colors_info=\u00bb{}\u00bb theme_builder_area=\u00bbpost_content\u00bb][et_pb_text _builder_version=\u00bb4.27.5&#8243; _module_preset=\u00bbdefault\u00bb global_colors_info=\u00bb{}\u00bb theme_builder_area=\u00bbpost_content\u00bb]<\/p>\n<p><span>Le asistimos en: <\/span><\/p>\n<p><span>\u00a0<\/span><\/p>\n<p><span>-Constituci\u00f3n de sociedades an\u00f3nimas. <\/span><\/p>\n<p><span>-Constituci\u00f3n de cualquier tipo de sociedad cooperativa.<\/span><\/p>\n<p><span>-Asesoramiento para juntas de accionistas.<\/span><\/p>\n<p><span>-Modificaci\u00f3n de estatutos, Disoluciones y liquidaciones.<\/span><\/p>\n<p><span>-Emisi\u00f3n, registro y enajenaci\u00f3n de acciones.<\/span><\/p>\n<p><span>-Elaboraci\u00f3n y formalizaci\u00f3n de actas de asamblea, consejos y comit\u00e9s.<\/span><\/p>\n<p><span>-Fideicomisos, gestor\u00eda notarial y contratos.<\/span><\/p>\n<p><span>-Disoluciones, fusiones, reestructuraciones y accesiones de sociedades.<\/span><\/p>\n<p><span>-Cobranza y gesti\u00f3n de negocio. <\/span><\/p>\n<p><span>&#8211; Elaboraci\u00f3n, revisi\u00f3n y dictamen de instrumentos legales.<\/span><\/p>\n<p><span>&#8211; Auditoria Legal, Recuperaci\u00f3n de Cartera, Investigaci\u00f3n para autorizaci\u00f3n de cr\u00e9ditos.<\/span><\/p>\n<p><span>&#8211; Dictamen Preventivo.<\/span><\/p>\n<p><span>-Otorgamiento de poderes.<\/span><\/p>\n<p><span>-Marcas, patentes y derechos de autor.<\/span><\/p>\n<p><strong>1.Documentaci\u00f3n <\/strong><strong><span><br \/><\/span><\/strong><span>Elaboraci\u00f3n y Revisi\u00f3n de Contratos T\u00edpicos, At\u00edpicos y <br \/>Documentos Legales.<br \/><\/span><strong>2. Recuperaci\u00f3n<\/strong><span> <br \/>Cartera Vencida <br \/>Prevenci\u00f3n de Morosidad en Pagos.<br \/><\/span><strong>3. Cobros<\/strong><span> <br \/>Cobro Extrajudicial y Judicial de Cheques, Pagar\u00e9s, Letras de Cambio, Facturas, etc\u00e9tera.<br \/><\/span><strong>4. Representaci\u00f3n Legal<\/strong><span> <br \/>Contrataci\u00f3n Local y Nacional\u00a0 <br \/>Procedimientos Conc\u00farsales (suspensi\u00f3n de pagos y quiebra) <br \/>Juicios Ejecutivos y Ordinarios Mercantiles <br \/>Arbitrajes <br \/>Empresas familiares y PYMES.<br \/>Inversiones extranjeras y nacionales.<br \/><\/span><strong>5. Gestor\u00eda<\/strong><span> Ante Corredores P\u00fablicos <br \/>Registro P\u00fablico de la Propiedad y del Comercio, etc\u00e9tera.<\/span><\/p>\n<p>[\/et_pb_text][\/et_pb_column][\/et_pb_row][\/et_pb_section]<\/p>\n","protected":false},"excerpt":{"rendered":"<p>Estamos convencidos de que en esta materia la prevenci\u00f3n juega el papel m\u00e1s importante para los empresarios. Siempre ser\u00e1 mejor para nuestros clientes que buscan hacer negocios, concretar acuerdos que se plasmen en contratos claros, precisos y con v\u00edas de soluci\u00f3n de conflictos en forma tal que lejos de propiciar rescisiones o terminaci\u00f3n de relaciones [&hellip;]<\/p>\n","protected":false},"author":1,"featured_media":0,"parent":0,"menu_order":0,"comment_status":"closed","ping_status":"closed","template":"","meta":{"_et_pb_use_builder":"on","_et_pb_old_content":"","_et_gb_content_width":"","footnotes":""},"class_list":["post-151","page","type-page","status-publish","hentry"],"_links":{"self":[{"href":"https:\/\/gj.derechomexico.com\/index.php\/wp-json\/wp\/v2\/pages\/151","targetHints":{"allow":["GET"]}}],"collection":[{"href":"https:\/\/gj.derechomexico.com\/index.php\/wp-json\/wp\/v2\/pages"}],"about":[{"href":"https:\/\/gj.derechomexico.com\/index.php\/wp-json\/wp\/v2\/types\/page"}],"author":[{"embeddable":true,"href":"https:\/\/gj.derechomexico.com\/index.php\/wp-json\/wp\/v2\/users\/1"}],"replies":[{"embeddable":true,"href":"https:\/\/gj.derechomexico.com\/index.php\/wp-json\/wp\/v2\/comments?post=151"}],"version-history":[{"count":3,"href":"https:\/\/gj.derechomexico.com\/index.php\/wp-json\/wp\/v2\/pages\/151\/revisions"}],"predecessor-version":[{"id":154,"href":"https:\/\/gj.derechomexico.com\/index.php\/wp-json\/wp\/v2\/pages\/151\/revisions\/154"}],"wp:attachment":[{"href":"https:\/\/gj.derechomexico.com\/index.php\/wp-json\/wp\/v2\/media?parent=151"}],"curies":[{"name":"wp","href":"https:\/\/api.w.org\/{rel}","templated":true}]}}