{"id":145,"date":"2025-12-19T04:37:16","date_gmt":"2025-12-19T04:37:16","guid":{"rendered":"https:\/\/gj.derechomexico.com\/?page_id=145"},"modified":"2025-12-19T04:39:39","modified_gmt":"2025-12-19T04:39:39","slug":"derecho-laboral","status":"publish","type":"page","link":"https:\/\/gj.derechomexico.com\/index.php\/derecho-laboral\/","title":{"rendered":"DERECHO LABORAL"},"content":{"rendered":"<p>[et_pb_section fb_built=\u00bb1&#8243; _builder_version=\u00bb4.27.5&#8243; _module_preset=\u00bbdefault\u00bb global_colors_info=\u00bb{}\u00bb theme_builder_area=\u00bbpost_content\u00bb][et_pb_row _builder_version=\u00bb4.27.5&#8243; _module_preset=\u00bbdefault\u00bb global_colors_info=\u00bb{}\u00bb theme_builder_area=\u00bbpost_content\u00bb][et_pb_column type=\u00bb4_4&#8243; _builder_version=\u00bb4.27.5&#8243; _module_preset=\u00bbdefault\u00bb global_colors_info=\u00bb{}\u00bb theme_builder_area=\u00bbpost_content\u00bb][et_pb_heading title=\u00bbServicios en materia de Derecho Laboral\u00bb _builder_version=\u00bb4.27.5&#8243; _module_preset=\u00bbdefault\u00bb global_colors_info=\u00bb{}\u00bb theme_builder_area=\u00bbpost_content\u00bb][\/et_pb_heading][\/et_pb_column][\/et_pb_row][et_pb_row column_structure=\u00bb1_2,1_2&#8243; _builder_version=\u00bb4.27.5&#8243; _module_preset=\u00bbdefault\u00bb global_colors_info=\u00bb{}\u00bb theme_builder_area=\u00bbpost_content\u00bb][et_pb_column type=\u00bb1_2&#8243; _builder_version=\u00bb4.27.5&#8243; _module_preset=\u00bbdefault\u00bb global_colors_info=\u00bb{}\u00bb theme_builder_area=\u00bbpost_content\u00bb][et_pb_text _builder_version=\u00bb4.27.5&#8243; _module_preset=\u00bbdefault\u00bb global_colors_info=\u00bb{}\u00bb theme_builder_area=\u00bbpost_content\u00bb]<\/p>\n<p><span>Ponemos a su disposici\u00f3n todos los conocimientos para afrontar cualquier problema de \u00edndole laboral que se le pueda presentar ya sea desde la perspectiva del trabajador o del empresario. Nuestros servicios entre otros son:<\/span><\/p>\n<p>[\/et_pb_text][\/et_pb_column][et_pb_column type=\u00bb1_2&#8243; _builder_version=\u00bb4.27.5&#8243; _module_preset=\u00bbdefault\u00bb global_colors_info=\u00bb{}\u00bb theme_builder_area=\u00bbpost_content\u00bb][et_pb_text _builder_version=\u00bb4.27.5&#8243; _module_preset=\u00bbdefault\u00bb global_colors_info=\u00bb{}\u00bb theme_builder_area=\u00bbpost_content\u00bb]<\/p>\n<p><span class=\"style7\"><span lang=\"ES\">Despidos improcedentes <\/span><\/span><span lang=\"ES\"><o:p><\/o:p><\/span><\/p>\n<p class=\"style71\"><span lang=\"ES\">-Reclamaciones de cantidad<o:p><\/o:p><\/span><\/p>\n<p class=\"style71\"><span lang=\"ES\">-C\u00e1lculos de finiquitos<o:p><\/o:p><\/span><\/p>\n<p class=\"style71\"><span lang=\"ES\">-C\u00e1lculo de indemnizaciones<o:p><\/o:p><\/span><\/p>\n<p class=\"style71\"><span lang=\"ES\">-Suspensi\u00f3n, rescisi\u00f3n y terminaci\u00f3n de las relaciones y contratos de trabajo<o:p><\/o:p><\/span><\/p>\n<p class=\"style71\"><span lang=\"ES\">-Elaboraci\u00f3n de actas con motivo de faltas de trabajo y notas de extra\u00f1amiento<\/p>\n<p>-Estudios econ\u00f3micos por despido<o:p><\/o:p><\/span><\/p>\n<p class=\"style71\"><span lang=\"ES\">-Conciliaci\u00f3n y mediaci\u00f3n y arbitraje<o:p><\/o:p><\/span><\/p>\n<p><span class=\"style9\"><span lang=\"ES\">-Procedimientos judiciales y preparaci\u00f3n de demanda <\/span><\/span><span lang=\"ES\"><o:p><\/o:p><\/span><\/p>\n<p class=\"style91\"><span lang=\"ES\">-Accidentes de trabajo, invalidez, recursos<o:p><\/o:p><\/span><\/p>\n<p class=\"style91\"><span lang=\"ES\">-Asesor\u00eda Jur\u00eddica para la elaboraci\u00f3n y celebraci\u00f3n de contratos de trabajo<o:p><\/o:p><\/span><\/p>\n<p class=\"style91\"><span lang=\"ES\">-Capacitaci\u00f3n laboral a departamento contable<o:p><\/o:p><\/span><\/p>\n<p class=\"style91\"><span lang=\"ES\">-Atenci\u00f3n y Capacitaci\u00f3n para el manejo de crisis laborales<o:p><\/o:p><\/span><\/p>\n<p>[\/et_pb_text][\/et_pb_column][\/et_pb_row][et_pb_row column_structure=\u00bb1_2,1_2&#8243; _builder_version=\u00bb4.27.5&#8243; _module_preset=\u00bbdefault\u00bb global_colors_info=\u00bb{}\u00bb theme_builder_area=\u00bbpost_content\u00bb][et_pb_column type=\u00bb1_2&#8243; _builder_version=\u00bb4.27.5&#8243; _module_preset=\u00bbdefault\u00bb global_colors_info=\u00bb{}\u00bb theme_builder_area=\u00bbpost_content\u00bb][et_pb_text _builder_version=\u00bb4.27.5&#8243; _module_preset=\u00bbdefault\u00bb global_colors_info=\u00bb{}\u00bb theme_builder_area=\u00bbpost_content\u00bb]<\/p>\n<p><strong><span lang=\"ES\">1. Elaboraci\u00f3n de: <\/span><\/strong><span lang=\"ES\"><o:p><\/o:p><\/span><\/p>\n<p><span lang=\"ES\">Contratos Individuales y\/o Colectivos de Trabajo <br \/>Contratos por Tiempo u Obra Determinada <br \/>Convenios, Finiquitos, Recibos de Pago, N\u00f3minas, Lista de Asistencia, Renuncias y Liquidaciones de Trabajadores<br \/>Auditoria Laboral<o:p><\/o:p><\/span><\/p>\n<p>[\/et_pb_text][\/et_pb_column][et_pb_column type=\u00bb1_2&#8243; _builder_version=\u00bb4.27.5&#8243; _module_preset=\u00bbdefault\u00bb global_colors_info=\u00bb{}\u00bb theme_builder_area=\u00bbpost_content\u00bb][et_pb_text _builder_version=\u00bb4.27.5&#8243; _module_preset=\u00bbdefault\u00bb global_colors_info=\u00bb{}\u00bb theme_builder_area=\u00bbpost_content\u00bb]<\/p>\n<p><span lang=\"ES\"><\/span><span lang=\"ES\"><strong>2. Representaci\u00f3n Legal<\/strong><o:p><\/o:p><\/span><\/p>\n<p><span lang=\"ES\">En Procesos ante las Autoridades Laborales. Procuradur\u00edas del Trabajo y Juntas de Conciliaci\u00f3n y Arbitraje, tanto Local y Federal <br \/>Asesoramiento y Preparaci\u00f3n de las diferentes Modalidades de Contrataci\u00f3n <br \/>Prevenci\u00f3n de Riesgos Laborales <br \/>R\u00e9gimen de Cotizaci\u00f3n <br \/>Inspecciones de Trabajo<o:p><\/o:p><\/span><\/p>\n<p>[\/et_pb_text][\/et_pb_column][\/et_pb_row][\/et_pb_section]<\/p>\n","protected":false},"excerpt":{"rendered":"<p>Ponemos a su disposici\u00f3n todos los conocimientos para afrontar cualquier problema de \u00edndole laboral que se le pueda presentar ya sea desde la perspectiva del trabajador o del empresario. Nuestros servicios entre otros son:Despidos improcedentes -Reclamaciones de cantidad -C\u00e1lculos de finiquitos -C\u00e1lculo de indemnizaciones -Suspensi\u00f3n, rescisi\u00f3n y terminaci\u00f3n de las relaciones y contratos de trabajo [&hellip;]<\/p>\n","protected":false},"author":1,"featured_media":0,"parent":0,"menu_order":0,"comment_status":"closed","ping_status":"closed","template":"","meta":{"_et_pb_use_builder":"on","_et_pb_old_content":"","_et_gb_content_width":"","footnotes":""},"class_list":["post-145","page","type-page","status-publish","hentry"],"_links":{"self":[{"href":"https:\/\/gj.derechomexico.com\/index.php\/wp-json\/wp\/v2\/pages\/145","targetHints":{"allow":["GET"]}}],"collection":[{"href":"https:\/\/gj.derechomexico.com\/index.php\/wp-json\/wp\/v2\/pages"}],"about":[{"href":"https:\/\/gj.derechomexico.com\/index.php\/wp-json\/wp\/v2\/types\/page"}],"author":[{"embeddable":true,"href":"https:\/\/gj.derechomexico.com\/index.php\/wp-json\/wp\/v2\/users\/1"}],"replies":[{"embeddable":true,"href":"https:\/\/gj.derechomexico.com\/index.php\/wp-json\/wp\/v2\/comments?post=145"}],"version-history":[{"count":4,"href":"https:\/\/gj.derechomexico.com\/index.php\/wp-json\/wp\/v2\/pages\/145\/revisions"}],"predecessor-version":[{"id":150,"href":"https:\/\/gj.derechomexico.com\/index.php\/wp-json\/wp\/v2\/pages\/145\/revisions\/150"}],"wp:attachment":[{"href":"https:\/\/gj.derechomexico.com\/index.php\/wp-json\/wp\/v2\/media?parent=145"}],"curies":[{"name":"wp","href":"https:\/\/api.w.org\/{rel}","templated":true}]}}