{"id":140,"date":"2025-12-19T04:35:29","date_gmt":"2025-12-19T04:35:29","guid":{"rendered":"https:\/\/gj.derechomexico.com\/?page_id=140"},"modified":"2025-12-19T04:36:58","modified_gmt":"2025-12-19T04:36:58","slug":"derecho-inmobiliario","status":"publish","type":"page","link":"https:\/\/gj.derechomexico.com\/index.php\/derecho-inmobiliario\/","title":{"rendered":"DERECHO INMOBILIARIO"},"content":{"rendered":"<p>[et_pb_section fb_built=\u00bb1&#8243; _builder_version=\u00bb4.27.5&#8243; _module_preset=\u00bbdefault\u00bb global_colors_info=\u00bb{}\u00bb theme_builder_area=\u00bbpost_content\u00bb][et_pb_row _builder_version=\u00bb4.27.5&#8243; _module_preset=\u00bbdefault\u00bb global_colors_info=\u00bb{}\u00bb theme_builder_area=\u00bbpost_content\u00bb][et_pb_column type=\u00bb4_4&#8243; _builder_version=\u00bb4.27.5&#8243; _module_preset=\u00bbdefault\u00bb global_colors_info=\u00bb{}\u00bb theme_builder_area=\u00bbpost_content\u00bb][et_pb_heading title=\u00bbServicios en materia de Derecho Inmobiliario\u00bb _builder_version=\u00bb4.27.5&#8243; _module_preset=\u00bbdefault\u00bb global_colors_info=\u00bb{}\u00bb theme_builder_area=\u00bbpost_content\u00bb][\/et_pb_heading][\/et_pb_column][\/et_pb_row][et_pb_row column_structure=\u00bb1_2,1_2&#8243; _builder_version=\u00bb4.27.5&#8243; _module_preset=\u00bbdefault\u00bb global_colors_info=\u00bb{}\u00bb theme_builder_area=\u00bbpost_content\u00bb][et_pb_column type=\u00bb1_2&#8243; _builder_version=\u00bb4.27.5&#8243; _module_preset=\u00bbdefault\u00bb global_colors_info=\u00bb{}\u00bb theme_builder_area=\u00bbpost_content\u00bb][et_pb_text _builder_version=\u00bb4.27.5&#8243; _module_preset=\u00bbdefault\u00bb global_colors_info=\u00bb{}\u00bb theme_builder_area=\u00bbpost_content\u00bb]<\/p>\n<p><strong><span lang=\"ES\">\u00bfEst\u00e1 interesado en alg\u00fan bien inmueble?<\/span><\/strong><span lang=\"ES\"><o:p><\/o:p><\/span><\/p>\n<p><strong><span lang=\"ES\">\u00bfConoce todos los requerimientos en relaci\u00f3n a la compra, traspaso o venta de una propiedad? <\/span><\/strong><span lang=\"ES\"><o:p><\/o:p><\/span><\/p>\n<p><strong><span lang=\"ES\">\u00bfSabe qu\u00e9 clausulas debe llevar su contrato de arrendamiento, venta o traspaso?<\/span><\/strong><span lang=\"ES\"><o:p><\/o:p><\/span><\/p>\n<p>[\/et_pb_text][\/et_pb_column][et_pb_column type=\u00bb1_2&#8243; _builder_version=\u00bb4.27.5&#8243; _module_preset=\u00bbdefault\u00bb global_colors_info=\u00bb{}\u00bb theme_builder_area=\u00bbpost_content\u00bb][et_pb_text _builder_version=\u00bb4.27.5&#8243; _module_preset=\u00bbdefault\u00bb global_colors_info=\u00bb{}\u00bb theme_builder_area=\u00bbpost_content\u00bb]<\/p>\n<p><span>Si ya est\u00e1 en un proceso de adquisici\u00f3n o derechos sobre un inmueble, a\u00fan est\u00e1 a tiempo de asegurar su transacci\u00f3n al m\u00e1ximo. Le asesoramos para elaborar el contrato que mas le convenga a sus intereses que le garantizen una resoluci\u00f3n m\u00e1s breve y efectiva en:<\/span><\/p>\n<ul>\n<li><span>Renta<\/span><\/li>\n<li><span>Venta<\/span><\/li>\n<li><span>Traspasos<\/span><\/li>\n<li><span>Permutas<\/span><\/li>\n<li><span>Transaccional de Desocupaci\u00f3n y entrega.<\/span><\/li>\n<li><span>Constituci\u00f3n de Hipoteca. <\/span><\/li>\n<li><span>Constituci\u00f3n de Prenda. <\/span><\/li>\n<li><span>Comisi\u00f3n Mercantil.<\/span><\/li>\n<\/ul>\n<p><span>Otros servicios disponibles:<\/span><\/p>\n<ul>\n<li><span>Cambio de r\u00e9gimen inmobiliario de la propiedad. <\/span><\/li>\n<li><span>Obtenci\u00f3n de autorizaciones para regimenes de Propiedad en condominio.<\/span><\/li>\n<li><span>Elaboraci\u00f3n de Reglamentos de Condominio.<\/span><\/li>\n<li><span>Asesor\u00eda notarial <\/span><\/li>\n<li><span>Investigaci\u00f3n de grav\u00e1menes o impedimentos legales de los terrenos. <\/span><\/li>\n<li><span>Investigaci\u00f3n para determinar si alguien es realmente el propietario de un inmueble ante el Registro publico de la propiedad. <\/span><\/li>\n<li><span>Gesti\u00f3n de tr\u00e1mites necesarios para la compraventa y traspaso de Inmuebles.<\/span><\/li>\n<li><span>Alta de propiedades en el Registro P\u00fablico de la Propiedad.<\/span><\/li>\n<li><span>Constituci\u00f3n de Hipotecas y servidumbres.<\/span><\/li>\n<li><span>Fusi\u00f3n, subdivisi\u00f3n de terrenos. <\/span><\/li>\n<li><span>Constituci\u00f3n de Regimenes de Condominio.<\/span><\/li>\n<li><span>\u00bfQu\u00e9 hacer en caso de invasi\u00f3n de propiedad o terreno? <\/span><\/li>\n<li><span>\u00bfSabe usted de la importancia de revisar su propiedad ante el Registro P\u00fablico de la Propiedad?<\/span><\/li>\n<li><span>Revisamos la documentaci\u00f3n legal de su empresa o negocio (actas constitutivas, poderes, licencias estatales y municipales, etc.) para prevenir cualquier problema futuro.<\/span><\/li>\n<li><span>Compraventa de inmuebles.<\/span><\/li>\n<\/ul>\n<ol><\/ol>\n<p>[\/et_pb_text][\/et_pb_column][\/et_pb_row][et_pb_row column_structure=\u00bb1_2,1_2&#8243; _builder_version=\u00bb4.27.5&#8243; _module_preset=\u00bbdefault\u00bb global_colors_info=\u00bb{}\u00bb theme_builder_area=\u00bbpost_content\u00bb][et_pb_column type=\u00bb1_2&#8243; _builder_version=\u00bb4.27.5&#8243; _module_preset=\u00bbdefault\u00bb global_colors_info=\u00bb{}\u00bb theme_builder_area=\u00bbpost_content\u00bb][et_pb_text _builder_version=\u00bb4.27.5&#8243; _module_preset=\u00bbdefault\u00bb global_colors_info=\u00bb{}\u00bb theme_builder_area=\u00bbpost_content\u00bb]<\/p>\n<h2 align=\"center\" style=\"text-align: center;\"><span lang=\"ES\">Importancia del Registro P\u00fablico de la Propiedad y el Comercio<o:p><\/o:p><\/span><\/h2>\n<p>[\/et_pb_text][\/et_pb_column][et_pb_column type=\u00bb1_2&#8243; _builder_version=\u00bb4.27.5&#8243; _module_preset=\u00bbdefault\u00bb global_colors_info=\u00bb{}\u00bb theme_builder_area=\u00bbpost_content\u00bb][et_pb_text _builder_version=\u00bb4.27.5&#8243; _module_preset=\u00bbdefault\u00bb global_colors_info=\u00bb{}\u00bb theme_builder_area=\u00bbpost_content\u00bb]<\/p>\n<p><span lang=\"ES\">En M\u00e9xico todas aquellas personas, sean f\u00edsicas o morales (sociedades y asociaciones), que realicen actos mediante los cuales adquieran, transmitan, modifiquen, graven o extingan el dominio, la posesi\u00f3n y dem\u00e1s derechos reales y personales sobre bienes inmuebles y actos de comercio y quieran que dichos actos tengan certeza, seguridad jur\u00eddica, y publicidad frente a terceros; necesitan inscribir esos actos en el Registro P\u00fablico de la Propiedad y el Comercio (R.P.PC.).<o:p><\/o:p><\/span><\/p>\n<p><span lang=\"ES\">En la vida pr\u00e1ctica la importancia del Registro Publico de la Propiedad y del Comercio se observa al momento de querer adquirir un bien inmueble. Toda vez que este registro es \u201cP\u00fablico\u201d cualquier persona que est\u00e9 interesada en adquirir un bien inmueble puede revisar en este registro todo el camino recorrido por este inmueble respecto a quienes han sido sus propietarios, que grav\u00e1menes ha tenido, que modificaciones ha sufrido el bien pero sobre todo si la persona que lo esta vendiendo tiene el derecho para hacerlo y evitar as\u00ed una venta fraudulenta.<o:p><\/o:p><\/span><\/p>\n<p><span lang=\"ES\">Contar con un buen asesor en materia de Registro Publico de la Propiedad y del Comercio le evitar\u00e1 exponer innecesariamente su patrimonio y asegurar su transacci\u00f3n comercial al m\u00e1ximo.<o:p><\/o:p><\/span><\/p>\n<p><span lang=\"ES\">\u00a1Ev\u00edtese sorpresas y p\u00e9rdida de tiempo! Garantice con nosotros sus transacciones en el \u00e1mbito inmobiliario y corporativo.<o:p><\/o:p><\/span><\/p>\n<p>[\/et_pb_text][\/et_pb_column][\/et_pb_row][\/et_pb_section]<\/p>\n","protected":false},"excerpt":{"rendered":"<p>\u00bfEst\u00e1 interesado en alg\u00fan bien inmueble? \u00bfConoce todos los requerimientos en relaci\u00f3n a la compra, traspaso o venta de una propiedad? \u00bfSabe qu\u00e9 clausulas debe llevar su contrato de arrendamiento, venta o traspaso?Si ya est\u00e1 en un proceso de adquisici\u00f3n o derechos sobre un inmueble, a\u00fan est\u00e1 a tiempo de asegurar su transacci\u00f3n al m\u00e1ximo. [&hellip;]<\/p>\n","protected":false},"author":1,"featured_media":0,"parent":0,"menu_order":0,"comment_status":"closed","ping_status":"closed","template":"","meta":{"_et_pb_use_builder":"on","_et_pb_old_content":"","_et_gb_content_width":"","footnotes":""},"class_list":["post-140","page","type-page","status-publish","hentry"],"_links":{"self":[{"href":"https:\/\/gj.derechomexico.com\/index.php\/wp-json\/wp\/v2\/pages\/140","targetHints":{"allow":["GET"]}}],"collection":[{"href":"https:\/\/gj.derechomexico.com\/index.php\/wp-json\/wp\/v2\/pages"}],"about":[{"href":"https:\/\/gj.derechomexico.com\/index.php\/wp-json\/wp\/v2\/types\/page"}],"author":[{"embeddable":true,"href":"https:\/\/gj.derechomexico.com\/index.php\/wp-json\/wp\/v2\/users\/1"}],"replies":[{"embeddable":true,"href":"https:\/\/gj.derechomexico.com\/index.php\/wp-json\/wp\/v2\/comments?post=140"}],"version-history":[{"count":3,"href":"https:\/\/gj.derechomexico.com\/index.php\/wp-json\/wp\/v2\/pages\/140\/revisions"}],"predecessor-version":[{"id":144,"href":"https:\/\/gj.derechomexico.com\/index.php\/wp-json\/wp\/v2\/pages\/140\/revisions\/144"}],"wp:attachment":[{"href":"https:\/\/gj.derechomexico.com\/index.php\/wp-json\/wp\/v2\/media?parent=140"}],"curies":[{"name":"wp","href":"https:\/\/api.w.org\/{rel}","templated":true}]}}