{"id":131,"date":"2025-12-19T04:30:27","date_gmt":"2025-12-19T04:30:27","guid":{"rendered":"https:\/\/gj.derechomexico.com\/?page_id=131"},"modified":"2025-12-19T04:31:50","modified_gmt":"2025-12-19T04:31:50","slug":"derecho-familiar","status":"publish","type":"page","link":"https:\/\/gj.derechomexico.com\/index.php\/derecho-familiar\/","title":{"rendered":"DERECHO FAMILIAR"},"content":{"rendered":"<p>[et_pb_section fb_built=\u00bb1&#8243; _builder_version=\u00bb4.27.5&#8243; _module_preset=\u00bbdefault\u00bb global_colors_info=\u00bb{}\u00bb theme_builder_area=\u00bbpost_content\u00bb][et_pb_row _builder_version=\u00bb4.27.5&#8243; _module_preset=\u00bbdefault\u00bb global_colors_info=\u00bb{}\u00bb theme_builder_area=\u00bbpost_content\u00bb][et_pb_column type=\u00bb4_4&#8243; _builder_version=\u00bb4.27.5&#8243; _module_preset=\u00bbdefault\u00bb global_colors_info=\u00bb{}\u00bb theme_builder_area=\u00bbpost_content\u00bb][et_pb_heading title=\u00bbServicios en materia de Derecho Familiar\u00bb _builder_version=\u00bb4.27.5&#8243; _module_preset=\u00bbdefault\u00bb global_colors_info=\u00bb{}\u00bb theme_builder_area=\u00bbpost_content\u00bb][\/et_pb_heading][\/et_pb_column][\/et_pb_row][et_pb_row column_structure=\u00bb1_2,1_2&#8243; _builder_version=\u00bb4.27.5&#8243; _module_preset=\u00bbdefault\u00bb global_colors_info=\u00bb{}\u00bb theme_builder_area=\u00bbpost_content\u00bb][et_pb_column type=\u00bb1_2&#8243; _builder_version=\u00bb4.27.5&#8243; _module_preset=\u00bbdefault\u00bb global_colors_info=\u00bb{}\u00bb theme_builder_area=\u00bbpost_content\u00bb][et_pb_text _builder_version=\u00bb4.27.5&#8243; _module_preset=\u00bbdefault\u00bb global_colors_info=\u00bb{}\u00bb theme_builder_area=\u00bbpost_content\u00bb]<\/p>\n<p><span lang=\"ES\">Nos preocupamos por ofrecerle asesoria y asistencia Jur\u00eddica Integral a empresas de cualquier ramo o Industria, con el firme prop\u00f3sito de dise\u00f1arle una propuesta de SERVICIOS JUR\u00cdDICOS PROFESIONALES, a la medida de sus necesidades reales, que le asegure el respaldo y la protecci\u00f3n legal necesaria que le permita a su empresa un desarrollo eficiente, ponemos a sus ordenes todo lo relativo a actos comerciales como:<o:p><\/o:p><\/span><\/p>\n<p>[\/et_pb_text][\/et_pb_column][et_pb_column type=\u00bb1_2&#8243; _builder_version=\u00bb4.27.5&#8243; _module_preset=\u00bbdefault\u00bb global_colors_info=\u00bb{}\u00bb theme_builder_area=\u00bbpost_content\u00bb][et_pb_text _builder_version=\u00bb4.27.5&#8243; _module_preset=\u00bbdefault\u00bb global_colors_info=\u00bb{}\u00bb theme_builder_area=\u00bbpost_content\u00bb]<\/p>\n<p><span lang=\"ES\">\u203a Actividades Industriales y Comerciales, ( Derechos y Obligaciones de los Comerciantes Nacionales y Extranjeros)<o:p><\/o:p><\/span><\/p>\n<p><span lang=\"ES\">\u203a Registro del Comercio, usos del Comercio, Gesti\u00f3n Comercial, Transacciones Comerciales.<o:p><\/o:p><\/span><\/p>\n<p><span lang=\"ES\">\u203a Constituci\u00f3n de Empresas ( Asesoria Jur\u00eddica para las empresas en proceso de constituci\u00f3n y las diferentes modalidades de sociedades)<o:p><\/o:p><\/span><\/p>\n<p><span lang=\"ES\">\u203a Asesoria y Asistencia Legal Laboral, para personas Morales,( Finiquitos, Arbitraje Comercial, Intervenci\u00f3n Jur\u00eddica por controversias ante las Juntas Laborales, Revisi\u00f3n y elaboraci\u00f3n de contratos, Finiquitos y Documentos Legales Laborales.)<o:p><\/o:p><\/span><\/p>\n<p><span lang=\"ES\">\u203a Contratos y Convenios Mercantiles: (Compra Venta, Poderes en General, Donaci\u00f3n, Mutuo, Comodato, Cesi\u00f3n de Derechos, Arrendamiento, Factoraje Financiero, etc).<o:p><\/o:p><\/span><\/p>\n<p><span lang=\"ES\">Asistencia Legal a Empresas sobre requerimientos Judiciales, Administrativos, ante cualquier Autoridad.<o:p><\/o:p><\/span><\/p>\n<p>[\/et_pb_text][\/et_pb_column][\/et_pb_row][et_pb_row column_structure=\u00bb1_2,1_2&#8243; _builder_version=\u00bb4.27.5&#8243; _module_preset=\u00bbdefault\u00bb global_colors_info=\u00bb{}\u00bb theme_builder_area=\u00bbpost_content\u00bb][et_pb_column type=\u00bb1_2&#8243; _builder_version=\u00bb4.27.5&#8243; _module_preset=\u00bbdefault\u00bb global_colors_info=\u00bb{}\u00bb theme_builder_area=\u00bbpost_content\u00bb][et_pb_text _builder_version=\u00bb4.27.5&#8243; _module_preset=\u00bbdefault\u00bb global_colors_info=\u00bb{}\u00bb theme_builder_area=\u00bbpost_content\u00bb]<\/p>\n<p><span>Cuando se habla de derecho corporativo se debe de pensar en empresas, en sociedades, en personas, sean del tama\u00f1o que estas sean lo importante aqu\u00ed es que la caracter\u00edstica de esta \u00e1rea de nuestros servicios es que se enfoca en la persona que quiere crear un negocio licito independientemente de cual sea este.<\/span><\/p>\n<p><span>En cuanto a sociedades, \u00bfSabes cual es la que mas te conviene? Ac\u00e9rcate a nosotros aqu\u00ed te lo informamos.<\/span><\/p>\n<p><span>\u00bfSabes porque es importante el crear una sociedad?<\/span><\/p>\n<p><span>Porque si escoges la sociedad adecuada y haces las cosas conforme a derecho tu patrimonio personal no se podr\u00e1 ver mezclado con el de tu sociedad, es decir, te protege contra terceros.<\/span><\/p>\n<p><span>As\u00ed que lo primero que debes de hacer al pensar en poner un negocio es analizar si vale la pena el mismo como para producir y crear una Sociedad, ya sea esta An\u00f3nima, de Responsabilidad Limitada o Sociedad Civil. Por ello comun\u00edcate con nosotros para una adecuada asesor\u00eda.<\/span><\/p>\n<p><span>\u00a0<\/span><\/p>\n<p><span>Si ya tienes una Sociedad creada o estas por crear una sociedad mexicana \u00bfsabes que es lo que tienes que hacer? \u00bfSab\u00edas que si tienes capital extranjero en esta sociedad, est\u00e1s obligado por ley a darte de alta ante el Registro Nacional de Inversiones Extranjeras? \u00bfSabes cuales son las consecuencias de no darte de alta ante este registro?<\/span><\/p>\n<p><span>Cont\u00e1ctanos para que te podamos asesorar adecuadamente, sea en donde est\u00e9s de la republica mexicana o el extranjero esto no cambia, la ley se aplica para todos.<\/span><\/p>\n<p><span>As\u00ed mismo te asesoramos en la elaboraci\u00f3n de actas de asamblea de la sociedad, donde puedes ver entre otras cosas:<\/span><\/p>\n<ul>\n<li><span>Aprobaci\u00f3n de ejercicios sociales anuales. <\/span><\/li>\n<li><span>Aumento o disminuci\u00f3n de capital. <\/span><\/li>\n<li><span>Rendici\u00f3n de Cuentas. <\/span><\/li>\n<li><span>Nombramiento, ratificaci\u00f3n o cambio de Administrador \u00danico o Consejo de Administraci\u00f3n. <\/span><\/li>\n<li><span>Elaboraci\u00f3n de t\u00edtulos de acciones. <\/span><\/li>\n<li><span>Convenios entre accionistas, los cuales regulan la participaci\u00f3n y el acuerdo entre socios. <\/span><\/li>\n<li><span>Verificamos el cumplimiento de nuestros clientes con las regulaciones y normas establecidas en la Ley de Inversi\u00f3n Extranjera y su Reglamento en materia de inscripciones y dem\u00e1s procedimientos que deben llevarse a cabo ante el Registro Nacional de Inversiones Extranjeras y Secretaria de Econom\u00eda<\/span><\/li>\n<li><span>Convenios de Confidencialidad. <\/span><\/li>\n<\/ul>\n<p>[\/et_pb_text][\/et_pb_column][et_pb_column type=\u00bb1_2&#8243; _builder_version=\u00bb4.27.5&#8243; _module_preset=\u00bbdefault\u00bb global_colors_info=\u00bb{}\u00bb theme_builder_area=\u00bbpost_content\u00bb][et_pb_text _builder_version=\u00bb4.27.5&#8243; _module_preset=\u00bbdefault\u00bb global_colors_info=\u00bb{}\u00bb theme_builder_area=\u00bbpost_content\u00bb]<\/p>\n<p><strong><span>De la propiedad de las personas:<\/span><\/strong><\/p>\n<p><span>\u203a Juicio Especial Hipotecario.( bienes en problemas por hipotecas, grav\u00e1menes entre otros)<\/span><\/p>\n<p><span>\u203a Juicio de \u201cusurpapi\u00f3n\u201d.( forma de adquirir la propiedad cuando no se cuenta con ning\u00fan titulo de propietario)<\/span><\/p>\n<p><span>\u203a Juicio Especial de Desahucio ( predios invadidos por personas que no son propietarios).<\/span><\/p>\n<p><span>\u203a Copropiedad.( derechos y obligaciones de los copropietarios de bienes Inmuebles).<\/span><\/p>\n<p><span>\u203a Constituci\u00f3n de cond\u00f3minos, separaci\u00f3n de cond\u00f3minos( administraci\u00f3n de los mismos)<\/span><\/p>\n<p><span>\u203a Escrituraciones y Tramites ante Notario.<\/span><\/p>\n<p><span>&#8212;&#8212;&#8212;&#8212;&#8212;&#8212;&#8212;&#8212;&#8212;&#8212;&#8212;&#8212;&#8212;&#8212;&#8212;&#8211;<\/span><\/p>\n<ul>\n<li><strong>1. Representaci\u00f3n Legal<\/strong><\/li>\n<li><span><br \/>Divorcio Express (divorcio incausado)<br \/>Divorcio Necesario, voluntario y Administrativo <br \/>Juicio de Alimentos <br \/>Cambio de R\u00e9gimen Patrimonial <br \/>P\u00e9rdida de Patria Potestad <br \/>Otorgamiento de Custodia y Guarda de Menores <br \/>Interdicci\u00f3n <br \/>Adopci\u00f3n <br \/>Juicios Sucesorios, Testamentarios o In testamentarios <br \/>Reconocimiento de paternidad. <br \/>Juicios de Correcci\u00f3n de Actas del Registro Civil <br \/>Petici\u00f3n de la Autorizaci\u00f3n Judicial para que un Menor salga del pa\u00eds, etc\u00e9tera.<\/span><\/li>\n<li><strong>2. Gestor\u00eda<\/strong><span> <br \/>Tr\u00e1mites ante el Registro Civil <br \/>Relaciones Exteriores <br \/>Servicio de gesti\u00f3n ante diferentes instancias para la localizaci\u00f3n de personas extraviadas o ausentes (Locatel, Capea, y servicios a la comunidad).<\/span><\/li>\n<\/ul>\n<p>[\/et_pb_text][\/et_pb_column][\/et_pb_row][\/et_pb_section]<\/p>\n","protected":false},"excerpt":{"rendered":"<p>Nos preocupamos por ofrecerle asesoria y asistencia Jur\u00eddica Integral a empresas de cualquier ramo o Industria, con el firme prop\u00f3sito de dise\u00f1arle una propuesta de SERVICIOS JUR\u00cdDICOS PROFESIONALES, a la medida de sus necesidades reales, que le asegure el respaldo y la protecci\u00f3n legal necesaria que le permita a su empresa un desarrollo eficiente, ponemos [&hellip;]<\/p>\n","protected":false},"author":1,"featured_media":0,"parent":0,"menu_order":0,"comment_status":"closed","ping_status":"closed","template":"","meta":{"_et_pb_use_builder":"on","_et_pb_old_content":"","_et_gb_content_width":"","footnotes":""},"class_list":["post-131","page","type-page","status-publish","hentry"],"_links":{"self":[{"href":"https:\/\/gj.derechomexico.com\/index.php\/wp-json\/wp\/v2\/pages\/131","targetHints":{"allow":["GET"]}}],"collection":[{"href":"https:\/\/gj.derechomexico.com\/index.php\/wp-json\/wp\/v2\/pages"}],"about":[{"href":"https:\/\/gj.derechomexico.com\/index.php\/wp-json\/wp\/v2\/types\/page"}],"author":[{"embeddable":true,"href":"https:\/\/gj.derechomexico.com\/index.php\/wp-json\/wp\/v2\/users\/1"}],"replies":[{"embeddable":true,"href":"https:\/\/gj.derechomexico.com\/index.php\/wp-json\/wp\/v2\/comments?post=131"}],"version-history":[{"count":3,"href":"https:\/\/gj.derechomexico.com\/index.php\/wp-json\/wp\/v2\/pages\/131\/revisions"}],"predecessor-version":[{"id":135,"href":"https:\/\/gj.derechomexico.com\/index.php\/wp-json\/wp\/v2\/pages\/131\/revisions\/135"}],"wp:attachment":[{"href":"https:\/\/gj.derechomexico.com\/index.php\/wp-json\/wp\/v2\/media?parent=131"}],"curies":[{"name":"wp","href":"https:\/\/api.w.org\/{rel}","templated":true}]}}