{"id":121,"date":"2025-12-19T04:25:57","date_gmt":"2025-12-19T04:25:57","guid":{"rendered":"https:\/\/gj.derechomexico.com\/?page_id=121"},"modified":"2025-12-19T04:26:53","modified_gmt":"2025-12-19T04:26:53","slug":"derecho-civil","status":"publish","type":"page","link":"https:\/\/gj.derechomexico.com\/index.php\/derecho-civil\/","title":{"rendered":"DERECHO CIVIL"},"content":{"rendered":"<p>[et_pb_section fb_built=\u00bb1&#8243; _builder_version=\u00bb4.27.5&#8243; _module_preset=\u00bbdefault\u00bb global_colors_info=\u00bb{}\u00bb theme_builder_area=\u00bbpost_content\u00bb][et_pb_row _builder_version=\u00bb4.27.5&#8243; _module_preset=\u00bbdefault\u00bb global_colors_info=\u00bb{}\u00bb theme_builder_area=\u00bbpost_content\u00bb][et_pb_column type=\u00bb4_4&#8243; _builder_version=\u00bb4.27.5&#8243; _module_preset=\u00bbdefault\u00bb global_colors_info=\u00bb{}\u00bb theme_builder_area=\u00bbpost_content\u00bb][et_pb_heading title=\u00bbServicios en materia de Derecho Civil\u00bb _builder_version=\u00bb4.27.5&#8243; _module_preset=\u00bbdefault\u00bb global_colors_info=\u00bb{}\u00bb theme_builder_area=\u00bbpost_content\u00bb][\/et_pb_heading][\/et_pb_column][\/et_pb_row][et_pb_row column_structure=\u00bb1_2,1_2&#8243; _builder_version=\u00bb4.27.5&#8243; _module_preset=\u00bbdefault\u00bb global_colors_info=\u00bb{}\u00bb theme_builder_area=\u00bbpost_content\u00bb][et_pb_column type=\u00bb1_2&#8243; _builder_version=\u00bb4.27.5&#8243; _module_preset=\u00bbdefault\u00bb global_colors_info=\u00bb{}\u00bb theme_builder_area=\u00bbpost_content\u00bb][et_pb_text _builder_version=\u00bb4.27.5&#8243; _module_preset=\u00bbdefault\u00bb global_colors_info=\u00bb{}\u00bb theme_builder_area=\u00bbpost_content\u00bb]<\/p>\n<p><strong><span lang=\"ES\">\u00bfDesea divorciarse?<\/span><\/strong><span lang=\"ES\"><o:p><\/o:p><\/span><\/p>\n<p><strong><span lang=\"ES\">\u00bfRedactar un testamento o recibir una herencia?<\/span><\/strong><span lang=\"ES\"><o:p><\/o:p><\/span><\/p>\n<p><strong><span lang=\"ES\">\u00bfLo est\u00e1n demandado y no sabe que hacer?<\/span><\/strong><span lang=\"ES\"><o:p><\/o:p><\/span><\/p>\n<p><strong><span lang=\"ES\">\u00bfTiene problemas con la pensi\u00f3n alimenticia que le corresponde a sus menores hijos?<\/span><\/strong><span lang=\"ES\"><o:p><\/o:p><\/span><\/p>\n<p><strong><span lang=\"ES\">\u00bfSabe que tipo de contrato necesita para rentar su propiedad?<\/span><\/strong><span lang=\"ES\"><o:p><\/o:p><\/span><\/p>\n<p>[\/et_pb_text][\/et_pb_column][et_pb_column type=\u00bb1_2&#8243; _builder_version=\u00bb4.27.5&#8243; _module_preset=\u00bbdefault\u00bb global_colors_info=\u00bb{}\u00bb theme_builder_area=\u00bbpost_content\u00bb][et_pb_text _builder_version=\u00bb4.27.5&#8243; _module_preset=\u00bbdefault\u00bb global_colors_info=\u00bb{}\u00bb theme_builder_area=\u00bbpost_content\u00bb]<\/p>\n<p><span lang=\"ES\">Si Usted se encuentra llevando a cabo alg\u00fan negocio o es parte de una relaci\u00f3n entre personas privadas, tanto f\u00edsicas como jur\u00eddicas (sociedades, asociaciones, empresas, etc.) de car\u00e1cter privado, empresarial y p\u00fablico, o incluso entre las \u00faltimas; Usted es sujeto de los principios y normas jur\u00eddicas que est\u00e1n contemplados por el Derecho Civil el cual regula las relaciones m\u00e1s generales y cotidianas de la vida de las personas, considerando a las personas en cuanto a tal, y en sus relaciones con sus semejantes y con el Estado, en el caso que este actu\u00e9 en su car\u00e1cter de simple persona jur\u00eddica y en tanto esas relaciones tengan por objeto satisfacer necesidades de car\u00e1cter gen\u00e9ricamente humanas.<o:p><\/o:p><\/span><\/p>\n<p><span lang=\"ES\">Todas estas relaciones se encuentran reguladas por el C\u00f3digo Civil. Nuestro equipo de expertos le puede asesorar en todas aquellas situaciones en las que se vea envuelto el derecho civil, familiar o que tengan relaci\u00f3n con: la familia, el patrimonio, las obligaciones y contratos y la transmisi\u00f3n de bienes.<o:p><\/o:p><\/span><\/p>\n<p><span lang=\"ES\">Le asistimos en materia de:<o:p><\/o:p><\/span><\/p>\n<p><em><span lang=\"ES\" style=\"color: black;\">La familia y sus relaciones personales y patrimoniales<\/span><\/em><span lang=\"ES\"><o:p><\/o:p><\/span><\/p>\n<p><em><span lang=\"ES\" style=\"color: black;\">Divorcios voluntarios, divorcios necesarios, disoluci\u00f3n de Sociedad Conyugal o bienes mancomunados<\/span><\/em><span lang=\"ES\"><o:p><\/o:p><\/span><\/p>\n<p><em><span lang=\"ES\" style=\"color: black;\">Diligencias de Jurisdicci\u00f3n Voluntaria, de pensi\u00f3n alimenticia, de consignaci\u00f3n de alimentos.<\/span><\/em><span lang=\"ES\"><o:p><\/o:p><\/span><\/p>\n<p><em><span lang=\"ES\" style=\"color: black;\">El patrimonio, los derechos de cr\u00e9dito o personales y sus obligaciones.<\/span><\/em><span lang=\"ES\"><o:p><\/o:p><\/span><\/p>\n<p><em><span lang=\"ES\" style=\"color: black;\">Testamentos. Juicios de Sucesi\u00f3n intestada o sucesi\u00f3n testamentaria.<\/span><\/em><span lang=\"ES\"><o:p><\/o:p><\/span><\/p>\n<p><em><span lang=\"ES\" style=\"color: black;\">Juicios Civiles por demanda de contratos y cumplimientos de los mismos.<\/span><\/em><span lang=\"ES\"><o:p><\/o:p><\/span><\/p>\n<p><em><span lang=\"ES\" style=\"color: black;\">Aquellas relativas sucesiones hereditarias.<\/span><\/em><span lang=\"ES\"><o:p><\/o:p><\/span><\/p>\n<p><span lang=\"ES\">\u00a0<o:p><\/o:p><\/span><\/p>\n<p><em><span lang=\"ES\" style=\"color: black;\">(Regularmente unen las materias de derecho civil y familiar)<\/span><\/em><span lang=\"ES\"><o:p><\/o:p><\/span><\/p>\n<ol><\/ol>\n<p>[\/et_pb_text][\/et_pb_column][\/et_pb_row][\/et_pb_section]<\/p>\n","protected":false},"excerpt":{"rendered":"<p>\u00bfDesea divorciarse? \u00bfRedactar un testamento o recibir una herencia? \u00bfLo est\u00e1n demandado y no sabe que hacer? \u00bfTiene problemas con la pensi\u00f3n alimenticia que le corresponde a sus menores hijos? \u00bfSabe que tipo de contrato necesita para rentar su propiedad?Si Usted se encuentra llevando a cabo alg\u00fan negocio o es parte de una relaci\u00f3n entre [&hellip;]<\/p>\n","protected":false},"author":1,"featured_media":0,"parent":0,"menu_order":0,"comment_status":"closed","ping_status":"closed","template":"","meta":{"_et_pb_use_builder":"on","_et_pb_old_content":"","_et_gb_content_width":"","footnotes":""},"class_list":["post-121","page","type-page","status-publish","hentry"],"_links":{"self":[{"href":"https:\/\/gj.derechomexico.com\/index.php\/wp-json\/wp\/v2\/pages\/121","targetHints":{"allow":["GET"]}}],"collection":[{"href":"https:\/\/gj.derechomexico.com\/index.php\/wp-json\/wp\/v2\/pages"}],"about":[{"href":"https:\/\/gj.derechomexico.com\/index.php\/wp-json\/wp\/v2\/types\/page"}],"author":[{"embeddable":true,"href":"https:\/\/gj.derechomexico.com\/index.php\/wp-json\/wp\/v2\/users\/1"}],"replies":[{"embeddable":true,"href":"https:\/\/gj.derechomexico.com\/index.php\/wp-json\/wp\/v2\/comments?post=121"}],"version-history":[{"count":3,"href":"https:\/\/gj.derechomexico.com\/index.php\/wp-json\/wp\/v2\/pages\/121\/revisions"}],"predecessor-version":[{"id":124,"href":"https:\/\/gj.derechomexico.com\/index.php\/wp-json\/wp\/v2\/pages\/121\/revisions\/124"}],"wp:attachment":[{"href":"https:\/\/gj.derechomexico.com\/index.php\/wp-json\/wp\/v2\/media?parent=121"}],"curies":[{"name":"wp","href":"https:\/\/api.w.org\/{rel}","templated":true}]}}