{"id":117,"date":"2025-12-19T04:18:19","date_gmt":"2025-12-19T04:18:19","guid":{"rendered":"https:\/\/gj.derechomexico.com\/?page_id=117"},"modified":"2025-12-19T04:21:37","modified_gmt":"2025-12-19T04:21:37","slug":"amparos","status":"publish","type":"page","link":"https:\/\/gj.derechomexico.com\/index.php\/amparos\/","title":{"rendered":"Amparos"},"content":{"rendered":"<p>[et_pb_section fb_built=\u00bb1&#8243; theme_builder_area=\u00bbpost_content\u00bb _builder_version=\u00bb4.27.5&#8243; _module_preset=\u00bbdefault\u00bb][et_pb_row _builder_version=\u00bb4.27.5&#8243; _module_preset=\u00bbdefault\u00bb theme_builder_area=\u00bbpost_content\u00bb][et_pb_column _builder_version=\u00bb4.27.5&#8243; _module_preset=\u00bbdefault\u00bb type=\u00bb4_4&#8243; theme_builder_area=\u00bbpost_content\u00bb][et_pb_heading title=\u00bbServicios en materia de Amparo\u00bb _builder_version=\u00bb4.27.5&#8243; _module_preset=\u00bbdefault\u00bb theme_builder_area=\u00bbpost_content\u00bb hover_enabled=\u00bb0&#8243; sticky_enabled=\u00bb0&#8243;][\/et_pb_heading][\/et_pb_column][\/et_pb_row][et_pb_row _builder_version=\u00bb4.27.5&#8243; _module_preset=\u00bbdefault\u00bb theme_builder_area=\u00bbpost_content\u00bb column_structure=\u00bb1_2,1_2&#8243;][et_pb_column _builder_version=\u00bb4.27.5&#8243; _module_preset=\u00bbdefault\u00bb type=\u00bb1_2&#8243; theme_builder_area=\u00bbpost_content\u00bb][et_pb_text _builder_version=\u00bb4.27.5&#8243; _module_preset=\u00bbdefault\u00bb theme_builder_area=\u00bbpost_content\u00bb hover_enabled=\u00bb0&#8243; sticky_enabled=\u00bb0&#8243;]<\/p>\n<p><strong><span lang=\"ES\">\u00bfLo est\u00e1n demandando y no sabe qu\u00e9 hacer?<\/span><\/strong><span lang=\"ES\"><o:p><\/o:p><\/span><\/p>\n<p><strong><span lang=\"ES\">\u00bfCree qu\u00e9 alguna autoridad est\u00e1 abusando de sus derechos?<\/span><\/strong><span lang=\"ES\"><o:p><\/o:p><\/span><\/p>\n<p><strong><span lang=\"ES\">\u00bfSOSPECHA QUE SU GARANTIA INDIVIDUAL MAS VALIOSA QUE ES LA LIBERTAD ESTA EN RIESGO DEBIDO A UN ABUSO DE AUTORIDAD?<\/span><\/strong><span lang=\"ES\"><o:p><\/o:p><\/span><\/p>\n<p>[\/et_pb_text][\/et_pb_column][et_pb_column _builder_version=\u00bb4.27.5&#8243; _module_preset=\u00bbdefault\u00bb type=\u00bb1_2&#8243; theme_builder_area=\u00bbpost_content\u00bb][et_pb_text _builder_version=\u00bb4.27.5&#8243; _module_preset=\u00bbdefault\u00bb theme_builder_area=\u00bbpost_content\u00bb hover_enabled=\u00bb0&#8243; sticky_enabled=\u00bb0&#8243;]<\/p>\n<p><span>Le explicaremos con detalle y paciencia su situaci\u00f3n jur\u00eddica, sus derechos como ciudadano y el proceso a seguir para su protecci\u00f3n, y as\u00ed lograr que sus garant\u00edas individuales se respeten. <\/span><\/p>\n<p><span>Dentro de nuestros servicios en el Derecho de Amparo comprendemos cinco sectores:<\/span><\/p>\n<ol>\n<li><strong><span>El amparo como defensa de los derechos de libertad<\/span><\/strong><span>. Para cualquier acto que afecte su vida, libertad y dignidad personal, regulando en la ley correspondiente. <\/span><\/li>\n<li><strong><span>El amparo contra leyes<\/span><\/strong><span>. Le protegemos contra leyes inconstitucionales, determinando la desaplicaci\u00f3n de la ley en el caso concreto, ya que las sentencias que se pronuncian en los juicios de amparo s\u00f3lo se ocupar\u00e1n de los individuos particulares o de las personas morales (privadas u oficiales) que los hubieran solicitado, limit\u00e1ndose a ampararlos o protegerlos si procediere, en el caso especial sobre el que verse la demanda sin haber una declaraci\u00f3n general respecto a la ley o acto que la motive.<\/span><\/li>\n<li><strong><span>Amparo en materia judicial<\/span><\/strong><span>. Examinamos la legalidad de las resoluciones judiciales de \u00faltima instancia dictadas por todos los tribunales del pa\u00eds. Tambi\u00e9n lo protegemos por violaciones cometidas durante la secuela del procedimiento, trascendiendo al resultado del fallo y por violaciones de fondo efectuadas en las sentencias.<\/span><\/li>\n<li><strong><span>Amparo administrativo<\/span><\/strong><span>. Si un \u00f3rgano de la administraci\u00f3n p\u00fablica ha dado una resoluci\u00f3n o acto afectando sus derechos, podemos ampararlo administrativamente, para revertir el fallo y encontrar la mejor soluci\u00f3n para usted.<\/span><\/li>\n<li><strong><span>Amparo en materia agraria<\/span><\/strong><span>. Protecci\u00f3n en los aspectos comunales-ejidal y que se\u00f1ala un procedimiento especial para facilitar a los campesinos los tr\u00e1mites correspondientes.<\/span><\/li>\n<\/ol>\n<p>[\/et_pb_text][\/et_pb_column][\/et_pb_row][\/et_pb_section]<\/p>\n","protected":false},"excerpt":{"rendered":"<p>\u00bfLo est\u00e1n demandando y no sabe qu\u00e9 hacer? \u00bfCree qu\u00e9 alguna autoridad est\u00e1 abusando de sus derechos? \u00bfSOSPECHA QUE SU GARANTIA INDIVIDUAL MAS VALIOSA QUE ES LA LIBERTAD ESTA EN RIESGO DEBIDO A UN ABUSO DE AUTORIDAD?Le explicaremos con detalle y paciencia su situaci\u00f3n jur\u00eddica, sus derechos como ciudadano y el proceso a seguir para [&hellip;]<\/p>\n","protected":false},"author":1,"featured_media":0,"parent":0,"menu_order":0,"comment_status":"closed","ping_status":"closed","template":"","meta":{"_et_pb_use_builder":"on","_et_pb_old_content":"","_et_gb_content_width":"","footnotes":""},"class_list":["post-117","page","type-page","status-publish","hentry"],"_links":{"self":[{"href":"https:\/\/gj.derechomexico.com\/index.php\/wp-json\/wp\/v2\/pages\/117","targetHints":{"allow":["GET"]}}],"collection":[{"href":"https:\/\/gj.derechomexico.com\/index.php\/wp-json\/wp\/v2\/pages"}],"about":[{"href":"https:\/\/gj.derechomexico.com\/index.php\/wp-json\/wp\/v2\/types\/page"}],"author":[{"embeddable":true,"href":"https:\/\/gj.derechomexico.com\/index.php\/wp-json\/wp\/v2\/users\/1"}],"replies":[{"embeddable":true,"href":"https:\/\/gj.derechomexico.com\/index.php\/wp-json\/wp\/v2\/comments?post=117"}],"version-history":[{"count":3,"href":"https:\/\/gj.derechomexico.com\/index.php\/wp-json\/wp\/v2\/pages\/117\/revisions"}],"predecessor-version":[{"id":120,"href":"https:\/\/gj.derechomexico.com\/index.php\/wp-json\/wp\/v2\/pages\/117\/revisions\/120"}],"wp:attachment":[{"href":"https:\/\/gj.derechomexico.com\/index.php\/wp-json\/wp\/v2\/media?parent=117"}],"curies":[{"name":"wp","href":"https:\/\/api.w.org\/{rel}","templated":true}]}}