{"id":109,"date":"2025-12-19T04:10:10","date_gmt":"2025-12-19T04:10:10","guid":{"rendered":"https:\/\/gj.derechomexico.com\/?page_id=109"},"modified":"2025-12-19T04:10:36","modified_gmt":"2025-12-19T04:10:36","slug":"nosotros","status":"publish","type":"page","link":"https:\/\/gj.derechomexico.com\/index.php\/nosotros\/","title":{"rendered":"Nosotros"},"content":{"rendered":"<p>[et_pb_section fb_built=\u00bb1&#8243; theme_builder_area=\u00bbpost_content\u00bb _builder_version=\u00bb4.27.5&#8243; _module_preset=\u00bbdefault\u00bb][et_pb_row _builder_version=\u00bb4.27.5&#8243; _module_preset=\u00bbdefault\u00bb theme_builder_area=\u00bbpost_content\u00bb column_structure=\u00bb1_2,1_2&#8243;][et_pb_column _builder_version=\u00bb4.27.5&#8243; _module_preset=\u00bbdefault\u00bb type=\u00bb1_2&#8243; theme_builder_area=\u00bbpost_content\u00bb][et_pb_text _builder_version=\u00bb4.27.5&#8243; _module_preset=\u00bbdefault\u00bb theme_builder_area=\u00bbpost_content\u00bb hover_enabled=\u00bb0&#8243; sticky_enabled=\u00bb0&#8243;]<\/p>\n<p><strong><span lang=\"ES\">GrupoJUES.com <\/span><\/strong><span lang=\"ES\">es un grupo jur\u00eddico de participaci\u00f3n entre profesionales.<o:p><\/o:p><\/span><\/p>\n<p><strong><span lang=\"ES\">GrupoJUES.com <\/span><\/strong><span lang=\"ES\">es un sitio informativo, por lo tanto no es responsable por las acciones civiles y\/o penales de caracter personal de los profesionales y\/o de\u00a0 sus asuntos que informan en este sitio.<o:p><\/o:p><\/span><\/p>\n<p><span lang=\"ES\">Quienes administramos <strong>GrupoJUES <\/strong>le sugerimos solicitar informacion a trav\u00e9s de nuestros canales de comunicaci\u00f3n acerca del profesional que lo represente y que ostente relacion con el sitio, ya sea en su perfil p\u00fablico profesional, o por el n\u00famero de expediente de su caso en cuesti\u00f3n, dicha informaci\u00f3n se proporcionar\u00e1 \u00fanicamente al titular debidamente acreditado.<o:p><\/o:p><\/span><\/p>\n<p>[\/et_pb_text][\/et_pb_column][et_pb_column _builder_version=\u00bb4.27.5&#8243; _module_preset=\u00bbdefault\u00bb type=\u00bb1_2&#8243; theme_builder_area=\u00bbpost_content\u00bb][\/et_pb_column][\/et_pb_row][\/et_pb_section]<\/p>\n","protected":false},"excerpt":{"rendered":"<p>GrupoJUES.com es un grupo jur\u00eddico de participaci\u00f3n entre profesionales. GrupoJUES.com es un sitio informativo, por lo tanto no es responsable por las acciones civiles y\/o penales de caracter personal de los profesionales y\/o de\u00a0 sus asuntos que informan en este sitio. Quienes administramos GrupoJUES le sugerimos solicitar informacion a trav\u00e9s de nuestros canales de comunicaci\u00f3n [&hellip;]<\/p>\n","protected":false},"author":1,"featured_media":0,"parent":0,"menu_order":0,"comment_status":"closed","ping_status":"closed","template":"","meta":{"_et_pb_use_builder":"on","_et_pb_old_content":"","_et_gb_content_width":"","footnotes":""},"class_list":["post-109","page","type-page","status-publish","hentry"],"_links":{"self":[{"href":"https:\/\/gj.derechomexico.com\/index.php\/wp-json\/wp\/v2\/pages\/109","targetHints":{"allow":["GET"]}}],"collection":[{"href":"https:\/\/gj.derechomexico.com\/index.php\/wp-json\/wp\/v2\/pages"}],"about":[{"href":"https:\/\/gj.derechomexico.com\/index.php\/wp-json\/wp\/v2\/types\/page"}],"author":[{"embeddable":true,"href":"https:\/\/gj.derechomexico.com\/index.php\/wp-json\/wp\/v2\/users\/1"}],"replies":[{"embeddable":true,"href":"https:\/\/gj.derechomexico.com\/index.php\/wp-json\/wp\/v2\/comments?post=109"}],"version-history":[{"count":3,"href":"https:\/\/gj.derechomexico.com\/index.php\/wp-json\/wp\/v2\/pages\/109\/revisions"}],"predecessor-version":[{"id":113,"href":"https:\/\/gj.derechomexico.com\/index.php\/wp-json\/wp\/v2\/pages\/109\/revisions\/113"}],"wp:attachment":[{"href":"https:\/\/gj.derechomexico.com\/index.php\/wp-json\/wp\/v2\/media?parent=109"}],"curies":[{"name":"wp","href":"https:\/\/api.w.org\/{rel}","templated":true}]}}